{"id":9,"date":"2019-07-29T05:51:04","date_gmt":"2019-07-29T05:51:04","guid":{"rendered":"https:\/\/demosites.io\/wedding\/?page_id=9"},"modified":"2025-02-21T19:10:56","modified_gmt":"2025-02-21T18:10:56","slug":"mgr-zuzana-raszka","status":"publish","type":"page","link":"https:\/\/www.k-sobe.cz\/","title":{"rendered":"\u00davod"},"content":{"rendered":"\t\t<div data-elementor-type=\"wp-post\" data-elementor-id=\"9\" class=\"elementor elementor-9\" data-elementor-post-type=\"page\">\n\t\t\t\t\t\t<section class=\"elementor-section elementor-top-section elementor-element elementor-element-69c7093 elementor-section-boxed elementor-section-height-default elementor-section-height-default\" data-id=\"69c7093\" data-element_type=\"section\" data-e-type=\"section\">\n\t\t\t\t\t\t<div class=\"elementor-container elementor-column-gap-default\">\n\t\t\t\t\t<div class=\"elementor-column elementor-col-100 elementor-top-column elementor-element elementor-element-f96aedc\" data-id=\"f96aedc\" data-element_type=\"column\" data-e-type=\"column\">\n\t\t\t<div class=\"elementor-widget-wrap elementor-element-populated\">\n\t\t\t\t\t\t<section class=\"elementor-section elementor-inner-section elementor-element elementor-element-af13b94 elementor-section-content-middle elementor-section-boxed elementor-section-height-default elementor-section-height-default\" data-id=\"af13b94\" data-element_type=\"section\" data-e-type=\"section\">\n\t\t\t\t\t\t<div class=\"elementor-container elementor-column-gap-default\">\n\t\t\t\t\t<div class=\"elementor-column elementor-col-50 elementor-inner-column elementor-element elementor-element-7ec6b04\" data-id=\"7ec6b04\" data-element_type=\"column\" data-e-type=\"column\">\n\t\t\t<div class=\"elementor-widget-wrap elementor-element-populated\">\n\t\t\t\t\t\t<div class=\"elementor-element elementor-element-31543fc elementor-widget elementor-widget-heading\" data-id=\"31543fc\" data-element_type=\"widget\" data-e-type=\"widget\" data-widget_type=\"heading.default\">\n\t\t\t\t<div class=\"elementor-widget-container\">\n\t\t\t\t\t<h2 class=\"elementor-heading-title elementor-size-default\">V\u00edt\u00e1m v\u00e1s... <\/h2>\t\t\t\t<\/div>\n\t\t\t\t<\/div>\n\t\t\t\t<div class=\"elementor-element elementor-element-4ec6a20 elementor-widget-divider--view-line elementor-widget elementor-widget-divider\" data-id=\"4ec6a20\" data-element_type=\"widget\" data-e-type=\"widget\" data-widget_type=\"divider.default\">\n\t\t\t\t<div class=\"elementor-widget-container\">\n\t\t\t\t\t\t\t<div class=\"elementor-divider\">\n\t\t\t<span class=\"elementor-divider-separator\">\n\t\t\t\t\t\t<\/span>\n\t\t<\/div>\n\t\t\t\t\t\t<\/div>\n\t\t\t\t<\/div>\n\t\t\t\t<div class=\"elementor-element elementor-element-4360247 elementor-widget elementor-widget-text-editor\" data-id=\"4360247\" data-element_type=\"widget\" data-e-type=\"widget\" data-widget_type=\"text-editor.default\">\n\t\t\t\t<div class=\"elementor-widget-container\">\n\t\t\t\t\t\t\t\t\t<p>&#8230;a nab\u00edz\u00edm V\u00e1m individu\u00e1ln\u00ed\u00a0<a href=\"https:\/\/www.k-sobe.cz\/?page_id=122\" target=\"_blank\" rel=\"noopener\">konzultace<\/a>, ve kter\u00fdch se m\u016f\u017eeme zam\u011b\u0159it na mo\u017enosti Va\u0161\u00ed zm\u011bny a\u00a0<span style=\"background-color: var(--nv-site-bg); color: var(--nv-text-color); letter-spacing: 0px;\">na osobn\u00ed rozvoj. Uv\u011bdomuji si, \u017ee pr\u00e1ce na sob\u011b nen\u00ed jednoduch\u00e1 a mnohokr\u00e1t vy\u017eaduje\u00a0<\/span><span style=\"background-color: var(--nv-site-bg); color: var(--nv-text-color); letter-spacing: 0px;\">\u010das a trp\u011blivost.\u00a0<\/span><\/p><p><span style=\"background-color: var(--nv-site-bg); color: var(--nv-text-color); letter-spacing: 0px;\">P\u0159i spolupr\u00e1ci s V\u00e1mi je pro m\u011b prioritou aktivn\u00ed naslouch\u00e1n\u00ed, p\u0159ijet\u00ed a\u00a0<\/span><span style=\"background-color: var(--nv-site-bg); color: var(--nv-text-color); letter-spacing: 0px;\">d\u016fv\u011bra ve V\u00e1s a Va\u0161e zdroje. N\u011bkter\u00e9 \u017eivotn\u00ed situace se mohou neust\u00e1le to\u010dit v kruhu a\u00a0<\/span><span style=\"background-color: var(--nv-site-bg); color: var(--nv-text-color); letter-spacing: 0px;\">n\u011bkdy nev\u00edme, jak z toho ven.\u00a0<\/span><\/p><p><span style=\"background-color: var(--nv-site-bg); color: var(--nv-text-color); letter-spacing: 0px;\">Spole\u010dn\u011b m\u016f\u017eeme na n\u011b nahl\u00e9dnout a naj\u00edt takov\u00e9 zdroje,\u00a0<\/span><span style=\"background-color: var(--nv-site-bg); color: var(--nv-text-color); letter-spacing: 0px;\">kter\u00e9 V\u00e1m mohou pomoci k p\u0159ekon\u00e1v\u00e1n\u00ed p\u0159ek\u00e1\u017eek a posunu na cest\u011b sm\u011brem ke\u00a0<\/span><span style=\"background-color: var(--nv-site-bg); color: var(--nv-text-color); letter-spacing: 0px;\">spokojenosti.\u00a0<\/span><\/p>\t\t\t\t\t\t\t\t<\/div>\n\t\t\t\t<\/div>\n\t\t\t\t\t<\/div>\n\t\t<\/div>\n\t\t\t\t<div class=\"elementor-column elementor-col-50 elementor-inner-column elementor-element elementor-element-f0315d5\" data-id=\"f0315d5\" data-element_type=\"column\" data-e-type=\"column\">\n\t\t\t<div class=\"elementor-widget-wrap elementor-element-populated\">\n\t\t\t\t\t\t<div class=\"elementor-element elementor-element-d88b4c7 elementor-widget elementor-widget-spacer\" data-id=\"d88b4c7\" data-element_type=\"widget\" data-e-type=\"widget\" data-widget_type=\"spacer.default\">\n\t\t\t\t<div class=\"elementor-widget-container\">\n\t\t\t\t\t\t\t<div class=\"elementor-spacer\">\n\t\t\t<div class=\"elementor-spacer-inner\"><\/div>\n\t\t<\/div>\n\t\t\t\t\t\t<\/div>\n\t\t\t\t<\/div>\n\t\t\t\t<div class=\"elementor-element elementor-element-79a0212 elementor-widget elementor-widget-image\" data-id=\"79a0212\" data-element_type=\"widget\" data-e-type=\"widget\" data-widget_type=\"image.default\">\n\t\t\t\t<div class=\"elementor-widget-container\">\n\t\t\t\t\t\t\t\t\t\t\t\t\t\t\t\t<a href=\"https:\/\/www.k-sobe.cz\/?page_id=118\">\n\t\t\t\t\t\t\t<img decoding=\"async\" src=\"https:\/\/www.k-sobe.cz\/wp-content\/uploads\/2020\/12\/Zuzka1-2-scaled.jpg\" title=\"Zuzana Raszka\" alt=\"profil\" loading=\"lazy\" \/>\t\t\t\t\t\t\t\t<\/a>\n\t\t\t\t\t\t\t\t\t\t\t\t\t\t\t<\/div>\n\t\t\t\t<\/div>\n\t\t\t\t\t<\/div>\n\t\t<\/div>\n\t\t\t\t\t<\/div>\n\t\t<\/section>\n\t\t\t\t\t<\/div>\n\t\t<\/div>\n\t\t\t\t\t<\/div>\n\t\t<\/section>\n\t\t\t\t<section class=\"elementor-section elementor-top-section elementor-element elementor-element-cd902ba elementor-section-boxed elementor-section-height-default elementor-section-height-default\" data-id=\"cd902ba\" data-element_type=\"section\" data-e-type=\"section\">\n\t\t\t\t\t\t<div class=\"elementor-container elementor-column-gap-default\">\n\t\t\t\t\t<div class=\"elementor-column elementor-col-33 elementor-top-column elementor-element elementor-element-47bd84e\" data-id=\"47bd84e\" data-element_type=\"column\" data-e-type=\"column\">\n\t\t\t<div class=\"elementor-widget-wrap\">\n\t\t\t\t\t\t\t<\/div>\n\t\t<\/div>\n\t\t\t\t<div class=\"elementor-column elementor-col-33 elementor-top-column elementor-element elementor-element-f8642cb\" data-id=\"f8642cb\" data-element_type=\"column\" data-e-type=\"column\">\n\t\t\t<div class=\"elementor-widget-wrap elementor-element-populated\">\n\t\t\t\t\t\t<div class=\"elementor-element elementor-element-2653441 elementor-widget elementor-widget-spacer\" data-id=\"2653441\" data-element_type=\"widget\" data-e-type=\"widget\" data-widget_type=\"spacer.default\">\n\t\t\t\t<div class=\"elementor-widget-container\">\n\t\t\t\t\t\t\t<div class=\"elementor-spacer\">\n\t\t\t<div class=\"elementor-spacer-inner\"><\/div>\n\t\t<\/div>\n\t\t\t\t\t\t<\/div>\n\t\t\t\t<\/div>\n\t\t\t\t<div class=\"elementor-element elementor-element-aeb3f42 elementor-widget elementor-widget-text-editor\" data-id=\"aeb3f42\" data-element_type=\"widget\" data-e-type=\"widget\" data-widget_type=\"text-editor.default\">\n\t\t\t\t<div class=\"elementor-widget-container\">\n\t\t\t\t\t\t\t\t\t<p><span style=\"background-color: var(--nv-site-bg); color: var(--nv-text-color); letter-spacing: 0px;\">V sou\u010dasn\u00e9 dob\u011b nab\u00edz\u00edm jak\u00a0<\/span><b><a style=\"background-color: var(--nv-site-bg); letter-spacing: 0px;\" href=\"https:\/\/www.k-sobe.cz\/?page_id=122\" target=\"_blank\" rel=\"noopener\">osobn\u00ed, tak online sezen\u00ed<\/a><span style=\"background-color: var(--nv-site-bg); color: var(--nv-text-color); letter-spacing: 0px;\">.<\/span><\/b><\/p><p>Co se t\u00fd\u010de online konzultac\u00ed. Pou\u017e\u00edv\u00e1m programy<span style=\"font-weight: bold; background-color: var(--nv-site-bg); color: var(--nv-text-color); letter-spacing: 0px;\">\u00a0<\/span><a href=\"https:\/\/www.skype.com\/cs\/get-skype\/\" target=\"_blank\" rel=\"noopener\">Skype<\/a><span style=\"background-color: var(--nv-site-bg); color: var(--nv-text-color); letter-spacing: 0px;\">. <\/span><span style=\"color: var(--nv-text-color); letter-spacing: 0px; background-color: var(--nv-site-bg);\">\u00a0<\/span><\/p><p><span style=\"color: var(--nv-text-color); letter-spacing: 0px; background-color: var(--nv-site-bg);\">U konzultac\u00ed je pot\u0159ebn\u00e9 m\u00edt kameru, reproduktory a mikrofon. Notebooky a mobily to\u00a0<\/span><span style=\"color: var(--nv-text-color); letter-spacing: 0px; background-color: var(--nv-site-bg);\">v\u0161echno v sob\u011b ji\u017e maj\u00ed, stoln\u00ed po\u010d\u00edta\u010d pot\u0159ebuje tyto v\u011bci dodat extern\u011b.\u00a0<\/span><\/p>\t\t\t\t\t\t\t\t<\/div>\n\t\t\t\t<\/div>\n\t\t\t\t\t<\/div>\n\t\t<\/div>\n\t\t\t\t<div class=\"elementor-column elementor-col-33 elementor-top-column elementor-element elementor-element-e244240\" data-id=\"e244240\" data-element_type=\"column\" data-e-type=\"column\">\n\t\t\t<div class=\"elementor-widget-wrap\">\n\t\t\t\t\t\t\t<\/div>\n\t\t<\/div>\n\t\t\t\t\t<\/div>\n\t\t<\/section>\n\t\t\t\t<section class=\"elementor-section elementor-top-section elementor-element elementor-element-cc945d2 elementor-section-boxed elementor-section-height-default elementor-section-height-default\" data-id=\"cc945d2\" data-element_type=\"section\" data-e-type=\"section\">\n\t\t\t\t\t\t<div class=\"elementor-container elementor-column-gap-default\">\n\t\t\t\t\t<div class=\"elementor-column elementor-col-100 elementor-top-column elementor-element elementor-element-eb271fd\" data-id=\"eb271fd\" data-element_type=\"column\" data-e-type=\"column\">\n\t\t\t<div class=\"elementor-widget-wrap elementor-element-populated\">\n\t\t\t\t\t\t<div class=\"elementor-element elementor-element-ea0da79 elementor-widget elementor-widget-image\" data-id=\"ea0da79\" data-element_type=\"widget\" data-e-type=\"widget\" data-widget_type=\"image.default\">\n\t\t\t\t<div class=\"elementor-widget-container\">\n\t\t\t\t\t\t\t\t\t\t\t\t\t\t\t<img fetchpriority=\"high\" decoding=\"async\" width=\"300\" height=\"215\" src=\"https:\/\/www.k-sobe.cz\/wp-content\/uploads\/2020\/12\/K-sobe-2-e1606955421226-300x215.png\" class=\"attachment-medium size-medium wp-image-166\" alt=\"logo\" srcset=\"https:\/\/www.k-sobe.cz\/wp-content\/uploads\/2020\/12\/K-sobe-2-e1606955421226-300x215.png 300w, https:\/\/www.k-sobe.cz\/wp-content\/uploads\/2020\/12\/K-sobe-2-e1606955421226.png 500w\" sizes=\"(max-width: 300px) 100vw, 300px\" \/>\t\t\t\t\t\t\t\t\t\t\t\t\t\t\t<\/div>\n\t\t\t\t<\/div>\n\t\t\t\t\t<\/div>\n\t\t<\/div>\n\t\t\t\t\t<\/div>\n\t\t<\/section>\n\t\t\t\t<\/div>\n\t\t","protected":false},"excerpt":{"rendered":"<p>V\u00edt\u00e1m v\u00e1s&#8230; &#8230;a nab\u00edz\u00edm V\u00e1m individu\u00e1ln\u00ed\u00a0konzultace, ve kter\u00fdch se m\u016f\u017eeme zam\u011b\u0159it na mo\u017enosti Va\u0161\u00ed zm\u011bny a\u00a0na osobn\u00ed rozvoj. Uv\u011bdomuji si, \u017ee pr\u00e1ce na sob\u011b nen\u00ed jednoduch\u00e1 a mnohokr\u00e1t vy\u017eaduje\u00a0\u010das a trp\u011blivost.\u00a0 P\u0159i spolupr\u00e1ci s V\u00e1mi je pro m\u011b prioritou aktivn\u00ed naslouch\u00e1n\u00ed, p\u0159ijet\u00ed a\u00a0d\u016fv\u011bra ve V\u00e1s a Va\u0161e zdroje. N\u011bkter\u00e9 \u017eivotn\u00ed situace se mohou neust\u00e1le to\u010dit&hellip;&nbsp;<a href=\"https:\/\/www.k-sobe.cz\/\" class=\"\" rel=\"bookmark\">\u010c\u00edst d\u00e1le &raquo;<span class=\"screen-reader-text\">\u00davod<\/span><\/a><\/p>\n","protected":false},"author":1,"featured_media":0,"parent":0,"menu_order":0,"comment_status":"closed","ping_status":"closed","template":"page-templates\/template-pagebuilder-full-width.php","meta":{"neve_meta_sidebar":"","neve_meta_container":"","neve_meta_enable_content_width":"","neve_meta_content_width":70,"neve_meta_title_alignment":"","neve_meta_author_avatar":"","neve_post_elements_order":"","neve_meta_disable_header":"","neve_meta_disable_footer":"","neve_meta_disable_title":"","footnotes":""},"class_list":["post-9","page","type-page","status-publish","hentry"],"yoast_head":"<!-- This site is optimized with the Yoast SEO plugin v27.4 - https:\/\/yoast.com\/product\/yoast-seo-wordpress\/ -->\n<title>\u00davod - K SOB\u011a<\/title>\n<meta name=\"description\" content=\"Nab\u00edz\u00edm V\u00e1m psychoterapii a individu\u00e1ln\u00ed konzultace, ve kter\u00fdch se m\u016f\u017eeme zam\u011b\u0159it na mo\u017enosti Va\u0161\u00ed zm\u011bny a na osobn\u00ed rozvoj.\" \/>\n<meta name=\"robots\" content=\"index, follow, max-snippet:-1, max-image-preview:large, max-video-preview:-1\" \/>\n<link rel=\"canonical\" href=\"https:\/\/www.k-sobe.cz\/\" \/>\n<meta property=\"og:locale\" content=\"cs_CZ\" \/>\n<meta property=\"og:type\" content=\"article\" \/>\n<meta property=\"og:title\" content=\"\u00davod - K SOB\u011a\" \/>\n<meta property=\"og:description\" content=\"Nab\u00edz\u00edm V\u00e1m psychoterapii a individu\u00e1ln\u00ed konzultace, ve kter\u00fdch se m\u016f\u017eeme zam\u011b\u0159it na mo\u017enosti Va\u0161\u00ed zm\u011bny a na osobn\u00ed rozvoj.\" \/>\n<meta property=\"og:url\" content=\"https:\/\/www.k-sobe.cz\/\" \/>\n<meta property=\"og:site_name\" content=\"K SOB\u011a\" \/>\n<meta property=\"article:modified_time\" content=\"2025-02-21T18:10:56+00:00\" \/>\n<meta property=\"og:image\" content=\"http:\/\/www.k-sobe.cz\/wp-content\/uploads\/elementor\/thumbs\/Zuzka1-2-scaled-ozapvplvi7c153r65pbforbf00s4vv0c0zhsj0ptos.jpg\" \/>\n<meta name=\"twitter:card\" content=\"summary_large_image\" \/>\n<meta name=\"twitter:label1\" content=\"Odhadovan\u00e1 doba \u010dten\u00ed\" \/>\n\t<meta name=\"twitter:data1\" content=\"2 minuty\" \/>\n<script type=\"application\/ld+json\" class=\"yoast-schema-graph\">{\"@context\":\"https:\\\/\\\/schema.org\",\"@graph\":[{\"@type\":\"WebPage\",\"@id\":\"https:\\\/\\\/www.k-sobe.cz\\\/\",\"url\":\"https:\\\/\\\/www.k-sobe.cz\\\/\",\"name\":\"\u00davod - K SOB\u011a\",\"isPartOf\":{\"@id\":\"https:\\\/\\\/www.k-sobe.cz\\\/#website\"},\"primaryImageOfPage\":{\"@id\":\"https:\\\/\\\/www.k-sobe.cz\\\/#primaryimage\"},\"image\":{\"@id\":\"https:\\\/\\\/www.k-sobe.cz\\\/#primaryimage\"},\"thumbnailUrl\":\"http:\\\/\\\/www.k-sobe.cz\\\/wp-content\\\/uploads\\\/elementor\\\/thumbs\\\/Zuzka1-2-scaled-ozapvplvi7c153r65pbforbf00s4vv0c0zhsj0ptos.jpg\",\"datePublished\":\"2019-07-29T05:51:04+00:00\",\"dateModified\":\"2025-02-21T18:10:56+00:00\",\"description\":\"Nab\u00edz\u00edm V\u00e1m psychoterapii a individu\u00e1ln\u00ed konzultace, ve kter\u00fdch se m\u016f\u017eeme zam\u011b\u0159it na mo\u017enosti Va\u0161\u00ed zm\u011bny a na osobn\u00ed rozvoj.\",\"breadcrumb\":{\"@id\":\"https:\\\/\\\/www.k-sobe.cz\\\/#breadcrumb\"},\"inLanguage\":\"cs\",\"potentialAction\":[{\"@type\":\"ReadAction\",\"target\":[\"https:\\\/\\\/www.k-sobe.cz\\\/\"]}]},{\"@type\":\"ImageObject\",\"inLanguage\":\"cs\",\"@id\":\"https:\\\/\\\/www.k-sobe.cz\\\/#primaryimage\",\"url\":\"http:\\\/\\\/www.k-sobe.cz\\\/wp-content\\\/uploads\\\/elementor\\\/thumbs\\\/Zuzka1-2-scaled-ozapvplvi7c153r65pbforbf00s4vv0c0zhsj0ptos.jpg\",\"contentUrl\":\"http:\\\/\\\/www.k-sobe.cz\\\/wp-content\\\/uploads\\\/elementor\\\/thumbs\\\/Zuzka1-2-scaled-ozapvplvi7c153r65pbforbf00s4vv0c0zhsj0ptos.jpg\"},{\"@type\":\"BreadcrumbList\",\"@id\":\"https:\\\/\\\/www.k-sobe.cz\\\/#breadcrumb\",\"itemListElement\":[{\"@type\":\"ListItem\",\"position\":1,\"name\":\"Dom\u016f\",\"item\":\"https:\\\/\\\/www.k-sobe.cz\\\/\"},{\"@type\":\"ListItem\",\"position\":2,\"name\":\"\u00davod\"}]},{\"@type\":\"WebSite\",\"@id\":\"https:\\\/\\\/www.k-sobe.cz\\\/#website\",\"url\":\"https:\\\/\\\/www.k-sobe.cz\\\/\",\"name\":\"K SOB\u011a\",\"description\":\"Dal\u0161\u00ed web pou\u017e\u00edvaj\u00edc\u00ed WordPress\",\"publisher\":{\"@id\":\"https:\\\/\\\/www.k-sobe.cz\\\/#\\\/schema\\\/person\\\/2618488d8f8113817ec27deb13578768\"},\"potentialAction\":[{\"@type\":\"SearchAction\",\"target\":{\"@type\":\"EntryPoint\",\"urlTemplate\":\"https:\\\/\\\/www.k-sobe.cz\\\/?s={search_term_string}\"},\"query-input\":{\"@type\":\"PropertyValueSpecification\",\"valueRequired\":true,\"valueName\":\"search_term_string\"}}],\"inLanguage\":\"cs\"},{\"@type\":[\"Person\",\"Organization\"],\"@id\":\"https:\\\/\\\/www.k-sobe.cz\\\/#\\\/schema\\\/person\\\/2618488d8f8113817ec27deb13578768\",\"name\":\"ksobecz\",\"image\":{\"@type\":\"ImageObject\",\"inLanguage\":\"cs\",\"@id\":\"https:\\\/\\\/www.k-sobe.cz\\\/wp-content\\\/uploads\\\/2020\\\/12\\\/cropped-K-sobe-2.png\",\"url\":\"https:\\\/\\\/www.k-sobe.cz\\\/wp-content\\\/uploads\\\/2020\\\/12\\\/cropped-K-sobe-2.png\",\"contentUrl\":\"https:\\\/\\\/www.k-sobe.cz\\\/wp-content\\\/uploads\\\/2020\\\/12\\\/cropped-K-sobe-2.png\",\"width\":500,\"height\":237,\"caption\":\"ksobecz\"},\"logo\":{\"@id\":\"https:\\\/\\\/www.k-sobe.cz\\\/wp-content\\\/uploads\\\/2020\\\/12\\\/cropped-K-sobe-2.png\"},\"sameAs\":[\"https:\\\/\\\/www.k-sobe.cz\"]}]}<\/script>\n<!-- \/ Yoast SEO plugin. -->","yoast_head_json":{"title":"\u00davod - K SOB\u011a","description":"Nab\u00edz\u00edm V\u00e1m psychoterapii a individu\u00e1ln\u00ed konzultace, ve kter\u00fdch se m\u016f\u017eeme zam\u011b\u0159it na mo\u017enosti Va\u0161\u00ed zm\u011bny a na osobn\u00ed rozvoj.","robots":{"index":"index","follow":"follow","max-snippet":"max-snippet:-1","max-image-preview":"max-image-preview:large","max-video-preview":"max-video-preview:-1"},"canonical":"https:\/\/www.k-sobe.cz\/","og_locale":"cs_CZ","og_type":"article","og_title":"\u00davod - K SOB\u011a","og_description":"Nab\u00edz\u00edm V\u00e1m psychoterapii a individu\u00e1ln\u00ed konzultace, ve kter\u00fdch se m\u016f\u017eeme zam\u011b\u0159it na mo\u017enosti Va\u0161\u00ed zm\u011bny a na osobn\u00ed rozvoj.","og_url":"https:\/\/www.k-sobe.cz\/","og_site_name":"K SOB\u011a","article_modified_time":"2025-02-21T18:10:56+00:00","og_image":[{"url":"http:\/\/www.k-sobe.cz\/wp-content\/uploads\/elementor\/thumbs\/Zuzka1-2-scaled-ozapvplvi7c153r65pbforbf00s4vv0c0zhsj0ptos.jpg","type":"","width":"","height":""}],"twitter_card":"summary_large_image","twitter_misc":{"Odhadovan\u00e1 doba \u010dten\u00ed":"2 minuty"},"schema":{"@context":"https:\/\/schema.org","@graph":[{"@type":"WebPage","@id":"https:\/\/www.k-sobe.cz\/","url":"https:\/\/www.k-sobe.cz\/","name":"\u00davod - K SOB\u011a","isPartOf":{"@id":"https:\/\/www.k-sobe.cz\/#website"},"primaryImageOfPage":{"@id":"https:\/\/www.k-sobe.cz\/#primaryimage"},"image":{"@id":"https:\/\/www.k-sobe.cz\/#primaryimage"},"thumbnailUrl":"http:\/\/www.k-sobe.cz\/wp-content\/uploads\/elementor\/thumbs\/Zuzka1-2-scaled-ozapvplvi7c153r65pbforbf00s4vv0c0zhsj0ptos.jpg","datePublished":"2019-07-29T05:51:04+00:00","dateModified":"2025-02-21T18:10:56+00:00","description":"Nab\u00edz\u00edm V\u00e1m psychoterapii a individu\u00e1ln\u00ed konzultace, ve kter\u00fdch se m\u016f\u017eeme zam\u011b\u0159it na mo\u017enosti Va\u0161\u00ed zm\u011bny a na osobn\u00ed rozvoj.","breadcrumb":{"@id":"https:\/\/www.k-sobe.cz\/#breadcrumb"},"inLanguage":"cs","potentialAction":[{"@type":"ReadAction","target":["https:\/\/www.k-sobe.cz\/"]}]},{"@type":"ImageObject","inLanguage":"cs","@id":"https:\/\/www.k-sobe.cz\/#primaryimage","url":"http:\/\/www.k-sobe.cz\/wp-content\/uploads\/elementor\/thumbs\/Zuzka1-2-scaled-ozapvplvi7c153r65pbforbf00s4vv0c0zhsj0ptos.jpg","contentUrl":"http:\/\/www.k-sobe.cz\/wp-content\/uploads\/elementor\/thumbs\/Zuzka1-2-scaled-ozapvplvi7c153r65pbforbf00s4vv0c0zhsj0ptos.jpg"},{"@type":"BreadcrumbList","@id":"https:\/\/www.k-sobe.cz\/#breadcrumb","itemListElement":[{"@type":"ListItem","position":1,"name":"Dom\u016f","item":"https:\/\/www.k-sobe.cz\/"},{"@type":"ListItem","position":2,"name":"\u00davod"}]},{"@type":"WebSite","@id":"https:\/\/www.k-sobe.cz\/#website","url":"https:\/\/www.k-sobe.cz\/","name":"K SOB\u011a","description":"Dal\u0161\u00ed web pou\u017e\u00edvaj\u00edc\u00ed WordPress","publisher":{"@id":"https:\/\/www.k-sobe.cz\/#\/schema\/person\/2618488d8f8113817ec27deb13578768"},"potentialAction":[{"@type":"SearchAction","target":{"@type":"EntryPoint","urlTemplate":"https:\/\/www.k-sobe.cz\/?s={search_term_string}"},"query-input":{"@type":"PropertyValueSpecification","valueRequired":true,"valueName":"search_term_string"}}],"inLanguage":"cs"},{"@type":["Person","Organization"],"@id":"https:\/\/www.k-sobe.cz\/#\/schema\/person\/2618488d8f8113817ec27deb13578768","name":"ksobecz","image":{"@type":"ImageObject","inLanguage":"cs","@id":"https:\/\/www.k-sobe.cz\/wp-content\/uploads\/2020\/12\/cropped-K-sobe-2.png","url":"https:\/\/www.k-sobe.cz\/wp-content\/uploads\/2020\/12\/cropped-K-sobe-2.png","contentUrl":"https:\/\/www.k-sobe.cz\/wp-content\/uploads\/2020\/12\/cropped-K-sobe-2.png","width":500,"height":237,"caption":"ksobecz"},"logo":{"@id":"https:\/\/www.k-sobe.cz\/wp-content\/uploads\/2020\/12\/cropped-K-sobe-2.png"},"sameAs":["https:\/\/www.k-sobe.cz"]}]}},"_links":{"self":[{"href":"https:\/\/www.k-sobe.cz\/index.php?rest_route=\/wp\/v2\/pages\/9","targetHints":{"allow":["GET"]}}],"collection":[{"href":"https:\/\/www.k-sobe.cz\/index.php?rest_route=\/wp\/v2\/pages"}],"about":[{"href":"https:\/\/www.k-sobe.cz\/index.php?rest_route=\/wp\/v2\/types\/page"}],"author":[{"embeddable":true,"href":"https:\/\/www.k-sobe.cz\/index.php?rest_route=\/wp\/v2\/users\/1"}],"replies":[{"embeddable":true,"href":"https:\/\/www.k-sobe.cz\/index.php?rest_route=%2Fwp%2Fv2%2Fcomments&post=9"}],"version-history":[{"count":153,"href":"https:\/\/www.k-sobe.cz\/index.php?rest_route=\/wp\/v2\/pages\/9\/revisions"}],"predecessor-version":[{"id":883,"href":"https:\/\/www.k-sobe.cz\/index.php?rest_route=\/wp\/v2\/pages\/9\/revisions\/883"}],"wp:attachment":[{"href":"https:\/\/www.k-sobe.cz\/index.php?rest_route=%2Fwp%2Fv2%2Fmedia&parent=9"}],"curies":[{"name":"wp","href":"https:\/\/api.w.org\/{rel}","templated":true}]}}